{"id":13,"date":"2021-10-02T10:49:01","date_gmt":"2021-10-02T08:49:01","guid":{"rendered":"https:\/\/darcikrve.cckpraha1.cz\/?page_id=13"},"modified":"2021-10-02T12:32:33","modified_gmt":"2021-10-02T10:32:33","slug":"timeline","status":"publish","type":"page","link":"https:\/\/darcikrve.cckpraha1.cz\/","title":{"rendered":"Timeline"},"content":{"rendered":"\n<h2>\n\t\tPanel 1 &#8211; Historie transfuziologie ve sv\u011bt\u011b\n\t<\/h2>\n\t\t\t\t\t\t\t<ul><li><ul><li aria-level=\"2\"><b>1616<\/b> &#8211; anglick\u00fd l\u00e9ka\u0159 William Harvey objevuje funkci krevn\u00edho ob\u011bhu, teda, \u017ee krev je\u00a0 . Pozd\u011bji v roce 1628 sv\u00e9 tvrzen\u00ed publikuje a vyvrac\u00ed tak od starov\u011bku p\u0159ijat\u00e9 tvrzen\u00ed Gal\u00e9na, \u017ee krev je v t\u011ble vedena v \u017eil\u00e1ch st\u0159\u00eddav\u011b tam a sp\u011bt.<\/li><\/ul><\/li><\/ul><p>\u00a0<ul><li><ul><li aria-level=\"2\"><b>1665<\/b> &#8211; Prvn\u00ed krevn\u00ed transfuze je provedena na zv\u00ed\u0159ec\u00edm modelu, na psech, anglick\u00fdm l\u00e9ka\u0159em Richardem Lowerem ve Velk\u00e9 Brit\u00e1nii.<\/li><\/ul><\/li><\/ul>\u00a0<ul><li><ul><li aria-level=\"2\"><b>1667<\/b> &#8211; Francouzsk\u00fd l\u00e9ka\u0159 Jean Baptiste Denis prov\u00e1d\u00ed prvn\u00ed transfuzi u \u010dlov\u011bka, kdy aplikoval jehn\u011b\u010d\u00ed krev mlad\u00e9mu mu\u017ei (mu\u017e z\u00e1krok p\u0159e\u017eil).<\/li><\/ul><\/li><\/ul>\u00a0<\/p><div id=\"attachment_16\" style=\"width: 350px\" class=\"wp-caption aligncenter\"><img loading=\"lazy\" decoding=\"async\" aria-describedby=\"caption-attachment-16\" src=\"https:\/\/darcikrve.cckpraha1.cz\/wp-content\/uploads\/2021\/10\/Obr_16-300x267.jpg\" alt=\"\" width=\"340\" height=\"302\" \/><p id=\"caption-attachment-16\" class=\"wp-caption-text\">Obr. \u010d. 1 &#8211; Ilustrace transfuze krve &#8211; pod\u00e1n\u00ed krve jehn\u011bte mlad\u00e9mu mu\u017ei Zdroj: Alexander S. Wiener &#8211; Blood Groups and Transfusion, 1945, Charles C. Thomas, Springfield, Illinois, USA, str. 51<\/p><\/div>\t\t\t\t\t\t\t\t\t\t\t\t\t\n\t\t\t\t\t\t\t<ul>\n<li><b>1668<\/b> &#8211; Krevn\u00ed transfuze u lid\u00ed se z d\u016fvodu mnoh\u00fdch ne\u00fasp\u011bch\u016f zakazuj\u00ed.<\/li>\n<p><\/p>\n<li><b>1818<\/b> &#8211; Prvn\u00ed \u00fasp\u011b\u0161n\u00e9 transfuze z \u010dlov\u011bka na \u010dlov\u011bka aplikuje britsk\u00fd porodn\u00edk James Blundell. Mnoh\u00fdm rodi\u010dk\u00e1m t\u00edm zachr\u00e1n\u00ed \u017eivot.<\/li>\n<\/ul>\n<p><\/p>\n<div id=\"attachment_17\" style=\"width: 350px\" class=\"wp-caption aligncenter\"><img loading=\"lazy\" decoding=\"async\" aria-describedby=\"caption-attachment-17\" src=\"https:\/\/darcikrve.cckpraha1.cz\/wp-content\/uploads\/2021\/10\/Blundell_s_method_of_blood_transfusion_Wellcome_M0014653-300x219.jpg\" alt=\"\" width=\"340\" height=\"248\" \/><p id=\"caption-attachment-17\" class=\"wp-caption-text\">Obr. \u010d. 2- Ilustrace Jamesa Blundella zobrazuj\u00edc\u00ed krevn\u00ed transfuze z \u010dlov\u011bka na \u010dlov\u011bka (Observations on transfusion of blood. In The Lancet 2 (1828-29): 321-24. James Blundell.) Zdroj: Wellcome Trust, a global charitable foundation, Velk\u00e1 Britanie, sd\u00edleno na z\u00e1klad\u011b licence CC 4.0<\/p><\/div>\n\t\t\t\t\t\t\t<ul><li><b>1901<\/b> &#8211; V\u00edde\u0148sk\u00fd l\u00e9ka\u0159 Karl Landsteiner publikuje objev t\u0159\u00ed krevn\u00edch skupin ozna\u010den\u00fdch jako A, B a 0. Pozd\u011bji v roce 1930 z\u00edsk\u00e1v\u00e1 za objeven\u00ed krevn\u00edch skupin \u010dlov\u011bka Nobelovu cenu za fyziologii nebo l\u00e9ka\u0159stv\u00ed.<\/li><\/ul><div id=\"attachment_23\" style=\"width: 350px\" class=\"wp-caption aligncenter\"><img loading=\"lazy\" decoding=\"async\" aria-describedby=\"caption-attachment-23\" src=\"https:\/\/darcikrve.cckpraha1.cz\/wp-content\/uploads\/2021\/10\/Karl_Landsteiner_1868-1943_\u00a9_Albert_Hilscher_OeNB_1074462-214x300.jpg\" alt=\"\" width=\"340\" height=\"477\" \/><p id=\"caption-attachment-23\" class=\"wp-caption-text\">Obr. \u010d. 3 &#8211; Rakousk\u00fd l\u00e9ka\u0159 Karl Landsteiner Zdroj: https:\/\/cs.wikipedia.org\/wiki\/Karl_ Landsteiner_(1868-1943)_\u00a9_Albert_Hilscher_OeNB_1074462<\/p><\/div>\t\t\t\t\t\t\t\t\t\t\t\t\t\n\t\t\t\t\t\t\t<ul><li><b>1902<\/b> &#8211; Landsteinerovi spolupracovn\u00edci Alfredo Decastello a Adriano Sturli objevuj\u00ed \u010dtvrtou krevn\u00ed skupinu AB.<\/li><\/ul><div id=\"attachment_25\" style=\"width: 350px\" class=\"wp-caption aligncenter\"><img loading=\"lazy\" decoding=\"async\" aria-describedby=\"caption-attachment-25\" src=\"https:\/\/darcikrve.cckpraha1.cz\/wp-content\/uploads\/2021\/10\/Krevni_skupiny-300x194.jpg\" alt=\"\" width=\"340\" height=\"219\" \/><p id=\"caption-attachment-25\" class=\"wp-caption-text\">Obr. \u010d. 4 &#8211; Rozd\u011blen\u00ed krevn\u00edch skupin Zdroj: https:\/\/www.wikiskripta.eu\/index.php?curid=15113<\/p><\/div>\t\t\t\t\t\t\t\t\t\t\t\t\t\n\t\t\t\t\t\t\t<div id=\"attachment_29\" style=\"width: 350px\" class=\"wp-caption aligncenter\"><img loading=\"lazy\" decoding=\"async\" aria-describedby=\"caption-attachment-29\" src=\"https:\/\/darcikrve.cckpraha1.cz\/wp-content\/uploads\/2021\/10\/Obr_19-300x225.jpg\" alt=\"\" width=\"340\" height=\"255\" \/><p id=\"caption-attachment-29\" class=\"wp-caption-text\">Obr. \u010d. 5 &#8211; Bernheimova metoda arteri\u00f3zn\u00ed transfuze krve prov\u00e1d\u011bna z c\u00e9vy d\u00e1rce p\u0159\u00edmo do c\u00e9vy p\u0159\u00edjemce. Tato velice invazivn\u00ed metoda je z\u00e1hy zak\u00e1z\u00e1na a l\u00e9ka\u0159i inklinuj\u00ed k odb\u011br\u016fm krve ze \u017e\u00edly d\u00e1rc\u016f a jej\u00edm transfuz\u00edm tak\u00e9 do \u017e\u00edly p\u0159\u00edjemc\u016fm. Zdroj: Alexander S. Wiener &#8211; Blood Groups and Transfusion, 1945, Charles C. Thomas, Springfield, Illinois, USA, str. 57<\/p><\/div>\t\t\t\t\t\t\t\t\t\t\t\t\t\n\t\t\t\t\t\t\t<ul><li><b>1914<\/b> &#8211; Trojice l\u00e9ka\u0159\u016f A. Hustin z Belgie, L. Agota z Argentiny a R. Lewisohn z USA objevuj\u00ed, \u017ee krev se po p\u0159id\u00e1n\u00ed citronanu sodn\u00e9ho nesr\u00e1\u017e\u00ed (pou\u017e\u00edv\u00e1 se dodnes). Takto upraven\u00e1 krev se m\u016f\u017ee n\u011bkolik dn\u016f skladovat.<\/li><\/ul><div id=\"attachment_30\" style=\"width: 350px\" class=\"wp-caption aligncenter\"><img loading=\"lazy\" decoding=\"async\" aria-describedby=\"caption-attachment-30\" src=\"https:\/\/darcikrve.cckpraha1.cz\/wp-content\/uploads\/2021\/10\/Obr_25-300x270.jpg\" alt=\"\" width=\"340\" height=\"306\" \/><p id=\"caption-attachment-30\" class=\"wp-caption-text\">Obr. \u010d. 6 &#8211; Odb\u011br krve od d\u00e1rce za pomoc\u00ed Lewisohnovy citr\u00e1tov\u00e9 metody (k odebran\u00e9 krvi se p\u0159id\u00e1 citronan sodn\u00fd a tak se pak nesr\u00e1\u017e\u00ed) Zdroj: Alexander S. Wiener &#8211; Blood Groups and Transfusion, 1945, Charles C. Thomas, Springfield, Illinois, USA, str. 97<\/p><\/div>\t\t\t\t\t\t\t\t\t\t\t\t\t\n\t\t\t\t\t\t\t<div id=\"attachment_31\" style=\"width: 350px\" class=\"wp-caption aligncenter\"><img loading=\"lazy\" decoding=\"async\" aria-describedby=\"caption-attachment-31\" src=\"https:\/\/darcikrve.cckpraha1.cz\/wp-content\/uploads\/2021\/10\/Obr_26.jpg\" alt=\"\" width=\"340\" height=\"484\" \/><p id=\"caption-attachment-31\" class=\"wp-caption-text\">Obr. \u010d. 7 &#8211; Transfuze krve upraven\u00e9 citronanem sodn\u00fdm za pomoc\u00ed gravitace Zdroj: Alexander S. Wiener &#8211; Blood Groups and Transfusion, 1945, Charles C. Thomas, Springfield, Illinois, USA, str. 98<\/p><\/div>\t\t\t\t\t\t\t\t\t\t\t\t\t\n\t\t\t\t\t\t\t<ul>\n<li aria-level=\"2\"><b>1915<\/b> &#8211; Americk\u00fd l\u00e9ka\u0159 R. Weil poprv\u00e9 pou\u017eije k transfuzi krev skladovanou n\u011bkolik dn\u016f.<\/li>\n<p><\/p>\n<li aria-level=\"2\"><b>1916<\/b> &#8211; F. P. Rous a J. R. Turner z USA zdokonaluj\u00ed \u00fapravu krve pro skladov\u00e1n\u00ed, a\u00a0to p\u0159id\u00e1n\u00edm gluk\u00f3zy k citronanu sodn\u00e9mu. Skladov\u00e1n\u00ed krve se tak prodlu\u017euje a\u017e na 14 dn\u00ed.<\/li>\n<p><\/p>\n<li aria-level=\"2\"><b>1935<\/b> &#8211; V\u00a0\u0158\u00edm\u011b se kon\u00e1 prvn\u00ed mezin\u00e1rodn\u00ed kongres o transfuzi krve.<\/li>\n<p><\/p>\n<li aria-level=\"2\"><b>1937<\/b> &#8211; Vznik\u00e1 prvn\u00ed krevn\u00ed banka. Za p\u0159i\u010din\u011bn\u00ed ma\u010farsk\u00e9ho l\u00e9ka\u0159e \u017eij\u00edc\u00edho v USA Bernarda Fantuse, se otev\u00edr\u00e1 p\u0159i nemocnici Cook Country Hospital v\u00a0Chicagu v USA.<\/li>\n<p><\/p>\n<li aria-level=\"2\"><b>1940<\/b> &#8211; L\u00e9ka\u0159i Karl Landsteiner a Alexander Solomon Wiener objevuj\u00ed Rh faktor (pojmenov\u00e1n podle opice Makak Rhesus, v jeho\u017e krvi byl poprv\u00e9 objeven). V\u00fdznam tohoto objevu je p\u0159edev\u0161\u00edm v porodnictv\u00ed, kdy se p\u0159i opakovan\u00fdch t\u011bhotenstv\u00edch mohou Rh negativn\u00edm \u017een\u00e1m vytv\u00e1\u0159et protil\u00e1tky proti Rh pozitivn\u00edmu plodu a zp\u016fsobovat tzv. hemolytickou nemoc plod\u016f a novorozenc\u016f.<\/li>\n<\/ul>\n<div id=\"attachment_33\" style=\"width: 350px\" class=\"wp-caption aligncenter\"><img loading=\"lazy\" decoding=\"async\" aria-describedby=\"caption-attachment-33\" src=\"https:\/\/darcikrve.cckpraha1.cz\/wp-content\/uploads\/2021\/10\/Obr_40b-280x300.jpg\" alt=\"\" width=\"340\" height=\"365\" \/><p id=\"caption-attachment-33\" class=\"wp-caption-text\">Obr. \u010d. 8 &#8211; Souprava pro odb\u011br krve za pomoci vakua (obsahuje sklen\u011bnou l\u00e1hev s citronanem sodn\u00fdm) Zdroj: Alexander S. Wiener &#8211; Blood Groups and Transfusion, 1945, Charles C. Thomas, Springfield, Illinois, USA, str. 143<\/p><\/div>\n\t\t\t\t\t\t\t<div id=\"attachment_35\" style=\"width: 350px\" class=\"wp-caption aligncenter\"><img loading=\"lazy\" decoding=\"async\" aria-describedby=\"caption-attachment-35\" src=\"https:\/\/darcikrve.cckpraha1.cz\/wp-content\/uploads\/2021\/10\/Obr_41-211x300.jpg\" alt=\"\" width=\"340\" height=\"483\" \/><p id=\"caption-attachment-35\" class=\"wp-caption-text\">Obr. \u010d. 9 &#8211; Souprava pro separaci plasmy Zdroj: Alexander S. Wiener &#8211; Blood Groups and Transfusion, 1945, Charles C. Thomas, Springfield, Illinois, USA, str. 153<\/p><\/div>\t\t\t\t\t\t\t\t\t\t\t\t\t\n\t\t\t\t\t\t\t<ul>\n<li><b>1950<\/b> &#8211; Ameri\u010dt\u00ed l\u00e9ka\u0159i Carl Walter a William P. Murphy prezentuj\u00ed plastov\u00e9 vaky na odebranou krev, kter\u00e9 nahrazuj\u00ed sklen\u011bn\u00e9 lahve.<\/li>\n<p><\/p>\n<li><b>1960<\/b> &#8211; A. Solomon a J. L. Fahey prov\u00e1d\u011bj\u00ed prvn\u00ed l\u00e9\u010debn\u00fd odb\u011br plazmy, tzv. plazmafer\u00e9zu.<\/li>\n<p><\/p>\n<li><b>2003<\/b> &#8211; Sv\u011btov\u00fd den d\u00e1rc\u016f krve. Ka\u017edoro\u010dn\u011b se 14. \u010dervna, na po\u010dest narozen\u00ed Karla Landsteinera (14.6.1868), slav\u00ed s c\u00edlem zv\u00fd\u0161it pov\u011bdom\u00ed o d\u00e1rcovstv\u00ed krve a\u00a0z\u00e1rove\u0148 projevit uzn\u00e1n\u00ed bezp\u0159\u00edsp\u011bvkov\u00fdm d\u00e1rc\u016fm krve.<\/li>\n<\/ul>\n<h2>\n\t\tPanel 2 &#8211; Historie transfuziologie na \u00fazem\u00ed \u010cR\n\t<\/h2>\n\t\t\t\t\t\t\t<ul><li><ul><li aria-level=\"2\"><b>1616<\/b> &#8211; anglick\u00fd l\u00e9ka\u0159 William Harvey objevuje funkci krevn\u00edho ob\u011bhu, teda, \u017ee krev je\u00a0 . Pozd\u011bji v roce 1628 sv\u00e9 tvrzen\u00ed publikuje a vyvrac\u00ed tak od starov\u011bku p\u0159ijat\u00e9 tvrzen\u00ed Gal\u00e9na, \u017ee krev je v t\u011ble vedena v \u017eil\u00e1ch st\u0159\u00eddav\u011b tam a sp\u011bt.<\/li><\/ul><\/li><\/ul><p>\u00a0<ul><li><ul><li aria-level=\"2\"><b>1665<\/b> &#8211; Prvn\u00ed krevn\u00ed transfuze je provedena na zv\u00ed\u0159ec\u00edm modelu, na psech, anglick\u00fdm l\u00e9ka\u0159em Richardem Lowerem ve Velk\u00e9 Brit\u00e1nii.<\/li><\/ul><\/li><\/ul>\u00a0<ul><li><ul><li aria-level=\"2\"><b>1667<\/b> &#8211; Francouzsk\u00fd l\u00e9ka\u0159 Jean Baptiste Denis prov\u00e1d\u00ed prvn\u00ed transfuzi u \u010dlov\u011bka, kdy aplikoval jehn\u011b\u010d\u00ed krev mlad\u00e9mu mu\u017ei (mu\u017e z\u00e1krok p\u0159e\u017eil).<\/li><\/ul><\/li><\/ul>\u00a0<\/p><div id=\"attachment_16\" style=\"width: 350px\" class=\"wp-caption aligncenter\"><img loading=\"lazy\" decoding=\"async\" aria-describedby=\"caption-attachment-16\" src=\"https:\/\/darcikrve.cckpraha1.cz\/wp-content\/uploads\/2021\/10\/Obr_16-300x267.jpg\" alt=\"\" width=\"340\" height=\"302\" \/><p id=\"caption-attachment-16\" class=\"wp-caption-text\">Obr. \u010d. 1 &#8211; Ilustrace transfuze krve &#8211; pod\u00e1n\u00ed krve jehn\u011bte mlad\u00e9mu mu\u017ei Zdroj: Alexander S. Wiener &#8211; Blood Groups and Transfusion, 1945, Charles C. Thomas, Springfield, Illinois, USA, str. 51<\/p><\/div>\t\t\t\t\t\t\t\t\t\t\t\t\t\n\t\t\t\t\t\t\t<ul>\n<li><b>1668<\/b> &#8211; Krevn\u00ed transfuze u lid\u00ed se z d\u016fvodu mnoh\u00fdch ne\u00fasp\u011bch\u016f zakazuj\u00ed.<\/li>\n<p><\/p>\n<li><b>1818<\/b> &#8211; Prvn\u00ed \u00fasp\u011b\u0161n\u00e9 transfuze z \u010dlov\u011bka na \u010dlov\u011bka aplikuje britsk\u00fd porodn\u00edk James Blundell. Mnoh\u00fdm rodi\u010dk\u00e1m t\u00edm zachr\u00e1n\u00ed \u017eivot.<\/li>\n<\/ul>\n<p><\/p>\n<div id=\"attachment_17\" style=\"width: 350px\" class=\"wp-caption aligncenter\"><img loading=\"lazy\" decoding=\"async\" aria-describedby=\"caption-attachment-17\" src=\"https:\/\/darcikrve.cckpraha1.cz\/wp-content\/uploads\/2021\/10\/Blundell_s_method_of_blood_transfusion_Wellcome_M0014653-300x219.jpg\" alt=\"\" width=\"340\" height=\"248\" \/><p id=\"caption-attachment-17\" class=\"wp-caption-text\">Obr. \u010d. 2- Ilustrace Jamesa Blundella zobrazuj\u00edc\u00ed krevn\u00ed transfuze z \u010dlov\u011bka na \u010dlov\u011bka (Observations on transfusion of blood. In The Lancet 2 (1828-29): 321-24. James Blundell.) Zdroj: Wellcome Trust, a global charitable foundation, Velk\u00e1 Britanie, sd\u00edleno na z\u00e1klad\u011b licence CC 4.0<\/p><\/div>\n\t\t\t\t\t\t\t<ul><li><b>1901<\/b> &#8211; V\u00edde\u0148sk\u00fd l\u00e9ka\u0159 Karl Landsteiner publikuje objev t\u0159\u00ed krevn\u00edch skupin ozna\u010den\u00fdch jako A, B a 0. Pozd\u011bji v roce 1930 z\u00edsk\u00e1v\u00e1 za objeven\u00ed krevn\u00edch skupin \u010dlov\u011bka Nobelovu cenu za fyziologii nebo l\u00e9ka\u0159stv\u00ed.<\/li><\/ul><div id=\"attachment_23\" style=\"width: 350px\" class=\"wp-caption aligncenter\"><img loading=\"lazy\" decoding=\"async\" aria-describedby=\"caption-attachment-23\" src=\"https:\/\/darcikrve.cckpraha1.cz\/wp-content\/uploads\/2021\/10\/Karl_Landsteiner_1868-1943_\u00a9_Albert_Hilscher_OeNB_1074462-214x300.jpg\" alt=\"\" width=\"340\" height=\"477\" \/><p id=\"caption-attachment-23\" class=\"wp-caption-text\">Obr. \u010d. 3 &#8211; Rakousk\u00fd l\u00e9ka\u0159 Karl Landsteiner Zdroj: https:\/\/cs.wikipedia.org\/wiki\/Karl_ Landsteiner_(1868-1943)_\u00a9_Albert_Hilscher_OeNB_1074462<\/p><\/div>\t\t\t\t\t\t\t\t\t\t\t\t\t\n\t\t\t\t\t\t\t<ul><li><b>1902<\/b> &#8211; Landsteinerovi spolupracovn\u00edci Alfredo Decastello a Adriano Sturli objevuj\u00ed \u010dtvrtou krevn\u00ed skupinu AB.<\/li><\/ul><div id=\"attachment_25\" style=\"width: 350px\" class=\"wp-caption aligncenter\"><img loading=\"lazy\" decoding=\"async\" aria-describedby=\"caption-attachment-25\" src=\"https:\/\/darcikrve.cckpraha1.cz\/wp-content\/uploads\/2021\/10\/Krevni_skupiny-300x194.jpg\" alt=\"\" width=\"340\" height=\"219\" \/><p id=\"caption-attachment-25\" class=\"wp-caption-text\">Obr. \u010d. 4 &#8211; Rozd\u011blen\u00ed krevn\u00edch skupin Zdroj: https:\/\/www.wikiskripta.eu\/index.php?curid=15113<\/p><\/div>\t\t\t\t\t\t\t\t\t\t\t\t\t\n\t\t\t\t\t\t\t<div id=\"attachment_29\" style=\"width: 350px\" class=\"wp-caption aligncenter\"><img loading=\"lazy\" decoding=\"async\" aria-describedby=\"caption-attachment-29\" src=\"https:\/\/darcikrve.cckpraha1.cz\/wp-content\/uploads\/2021\/10\/Obr_19-300x225.jpg\" alt=\"\" width=\"340\" height=\"255\" \/><p id=\"caption-attachment-29\" class=\"wp-caption-text\">Obr. \u010d. 5 &#8211; Bernheimova metoda arteri\u00f3zn\u00ed transfuze krve prov\u00e1d\u011bna z c\u00e9vy d\u00e1rce p\u0159\u00edmo do c\u00e9vy p\u0159\u00edjemce. Tato velice invazivn\u00ed metoda je z\u00e1hy zak\u00e1z\u00e1na a l\u00e9ka\u0159i inklinuj\u00ed k odb\u011br\u016fm krve ze \u017e\u00edly d\u00e1rc\u016f a jej\u00edm transfuz\u00edm tak\u00e9 do \u017e\u00edly p\u0159\u00edjemc\u016fm. Zdroj: Alexander S. Wiener &#8211; Blood Groups and Transfusion, 1945, Charles C. Thomas, Springfield, Illinois, USA, str. 57<\/p><\/div>\t\t\t\t\t\t\t\t\t\t\t\t\t\n\t\t\t\t\t\t\t<ul><li><b>1914<\/b> &#8211; Trojice l\u00e9ka\u0159\u016f A. Hustin z Belgie, L. Agota z Argentiny a R. Lewisohn z USA objevuj\u00ed, \u017ee krev se po p\u0159id\u00e1n\u00ed citronanu sodn\u00e9ho nesr\u00e1\u017e\u00ed (pou\u017e\u00edv\u00e1 se dodnes). Takto upraven\u00e1 krev se m\u016f\u017ee n\u011bkolik dn\u016f skladovat.<\/li><\/ul><div id=\"attachment_30\" style=\"width: 350px\" class=\"wp-caption aligncenter\"><img loading=\"lazy\" decoding=\"async\" aria-describedby=\"caption-attachment-30\" src=\"https:\/\/darcikrve.cckpraha1.cz\/wp-content\/uploads\/2021\/10\/Obr_25-300x270.jpg\" alt=\"\" width=\"340\" height=\"306\" \/><p id=\"caption-attachment-30\" class=\"wp-caption-text\">Obr. \u010d. 6 &#8211; Odb\u011br krve od d\u00e1rce za pomoc\u00ed Lewisohnovy citr\u00e1tov\u00e9 metody (k odebran\u00e9 krvi se p\u0159id\u00e1 citronan sodn\u00fd a tak se pak nesr\u00e1\u017e\u00ed) Zdroj: Alexander S. Wiener &#8211; Blood Groups and Transfusion, 1945, Charles C. Thomas, Springfield, Illinois, USA, str. 97<\/p><\/div>\t\t\t\t\t\t\t\t\t\t\t\t\t\n\t\t\t\t\t\t\t<div id=\"attachment_31\" style=\"width: 350px\" class=\"wp-caption aligncenter\"><img loading=\"lazy\" decoding=\"async\" aria-describedby=\"caption-attachment-31\" src=\"https:\/\/darcikrve.cckpraha1.cz\/wp-content\/uploads\/2021\/10\/Obr_26.jpg\" alt=\"\" width=\"340\" height=\"484\" \/><p id=\"caption-attachment-31\" class=\"wp-caption-text\">Obr. \u010d. 7 &#8211; Transfuze krve upraven\u00e9 citronanem sodn\u00fdm za pomoc\u00ed gravitace Zdroj: Alexander S. Wiener &#8211; Blood Groups and Transfusion, 1945, Charles C. Thomas, Springfield, Illinois, USA, str. 98<\/p><\/div>\t\t\t\t\t\t\t\t\t\t\t\t\t\n\t\t\t\t\t\t\t<ul>\n<li aria-level=\"2\"><b>1915<\/b> &#8211; Americk\u00fd l\u00e9ka\u0159 R. Weil poprv\u00e9 pou\u017eije k transfuzi krev skladovanou n\u011bkolik dn\u016f.<\/li>\n<p><\/p>\n<li aria-level=\"2\"><b>1916<\/b> &#8211; F. P. Rous a J. R. Turner z USA zdokonaluj\u00ed \u00fapravu krve pro skladov\u00e1n\u00ed, a\u00a0to p\u0159id\u00e1n\u00edm gluk\u00f3zy k citronanu sodn\u00e9mu. Skladov\u00e1n\u00ed krve se tak prodlu\u017euje a\u017e na 14 dn\u00ed.<\/li>\n<p><\/p>\n<li aria-level=\"2\"><b>1935<\/b> &#8211; V\u00a0\u0158\u00edm\u011b se kon\u00e1 prvn\u00ed mezin\u00e1rodn\u00ed kongres o transfuzi krve.<\/li>\n<p><\/p>\n<li aria-level=\"2\"><b>1937<\/b> &#8211; Vznik\u00e1 prvn\u00ed krevn\u00ed banka. Za p\u0159i\u010din\u011bn\u00ed ma\u010farsk\u00e9ho l\u00e9ka\u0159e \u017eij\u00edc\u00edho v USA Bernarda Fantuse, se otev\u00edr\u00e1 p\u0159i nemocnici Cook Country Hospital v\u00a0Chicagu v USA.<\/li>\n<p><\/p>\n<li aria-level=\"2\"><b>1940<\/b> &#8211; L\u00e9ka\u0159i Karl Landsteiner a Alexander Solomon Wiener objevuj\u00ed Rh faktor (pojmenov\u00e1n podle opice Makak Rhesus, v jeho\u017e krvi byl poprv\u00e9 objeven). V\u00fdznam tohoto objevu je p\u0159edev\u0161\u00edm v porodnictv\u00ed, kdy se p\u0159i opakovan\u00fdch t\u011bhotenstv\u00edch mohou Rh negativn\u00edm \u017een\u00e1m vytv\u00e1\u0159et protil\u00e1tky proti Rh pozitivn\u00edmu plodu a zp\u016fsobovat tzv. hemolytickou nemoc plod\u016f a novorozenc\u016f.<\/li>\n<\/ul>\n<div id=\"attachment_33\" style=\"width: 350px\" class=\"wp-caption aligncenter\"><img loading=\"lazy\" decoding=\"async\" aria-describedby=\"caption-attachment-33\" src=\"https:\/\/darcikrve.cckpraha1.cz\/wp-content\/uploads\/2021\/10\/Obr_40b-280x300.jpg\" alt=\"\" width=\"340\" height=\"365\" \/><p id=\"caption-attachment-33\" class=\"wp-caption-text\">Obr. \u010d. 8 &#8211; Souprava pro odb\u011br krve za pomoci vakua (obsahuje sklen\u011bnou l\u00e1hev s citronanem sodn\u00fdm) Zdroj: Alexander S. Wiener &#8211; Blood Groups and Transfusion, 1945, Charles C. Thomas, Springfield, Illinois, USA, str. 143<\/p><\/div>\n\t\t\t\t\t\t\t<div id=\"attachment_35\" style=\"width: 350px\" class=\"wp-caption aligncenter\"><img loading=\"lazy\" decoding=\"async\" aria-describedby=\"caption-attachment-35\" src=\"https:\/\/darcikrve.cckpraha1.cz\/wp-content\/uploads\/2021\/10\/Obr_41-211x300.jpg\" alt=\"\" width=\"340\" height=\"483\" \/><p id=\"caption-attachment-35\" class=\"wp-caption-text\">Obr. \u010d. 9 &#8211; Souprava pro separaci plasmy Zdroj: Alexander S. Wiener &#8211; Blood Groups and Transfusion, 1945, Charles C. Thomas, Springfield, Illinois, USA, str. 153<\/p><\/div>\t\t\t\t\t\t\t\t\t\t\t\t\t\n\t\t\t\t\t\t\t<ul>\n<li><b>1950<\/b> &#8211; Ameri\u010dt\u00ed l\u00e9ka\u0159i Carl Walter a William P. Murphy prezentuj\u00ed plastov\u00e9 vaky na odebranou krev, kter\u00e9 nahrazuj\u00ed sklen\u011bn\u00e9 lahve.<\/li>\n<p><\/p>\n<li><b>1960<\/b> &#8211; A. Solomon a J. L. Fahey prov\u00e1d\u011bj\u00ed prvn\u00ed l\u00e9\u010debn\u00fd odb\u011br plazmy, tzv. plazmafer\u00e9zu.<\/li>\n<p><\/p>\n<li><b>2003<\/b> &#8211; Sv\u011btov\u00fd den d\u00e1rc\u016f krve. Ka\u017edoro\u010dn\u011b se 14. \u010dervna, na po\u010dest narozen\u00ed Karla Landsteinera (14.6.1868), slav\u00ed s c\u00edlem zv\u00fd\u0161it pov\u011bdom\u00ed o d\u00e1rcovstv\u00ed krve a\u00a0z\u00e1rove\u0148 projevit uzn\u00e1n\u00ed bezp\u0159\u00edsp\u011bvkov\u00fdm d\u00e1rc\u016fm krve.<\/li>\n<\/ul>\n\n","protected":false},"excerpt":{"rendered":"<p>Panel 1 &#8211; Historie transfuziologie ve sv\u011bt\u011b 1616 &#8211; anglick\u00fd l\u00e9ka\u0159 William Harvey objevuje funkci krevn\u00edho ob\u011bhu, teda, \u017ee krev je\u00a0 . Pozd\u011bji v roce 1628 sv\u00e9 tvrzen\u00ed publikuje a vyvrac\u00ed tak od starov\u011bku p\u0159ijat\u00e9 tvrzen\u00ed Gal\u00e9na, \u017ee krev je v t\u011ble vedena v \u017eil\u00e1ch st\u0159\u00eddav\u011b tam a sp\u011bt. \u00a0 1665 &#8211; Prvn\u00ed krevn\u00ed transfuze&hellip;<\/p>\n","protected":false},"author":2,"featured_media":0,"parent":0,"menu_order":0,"comment_status":"closed","ping_status":"closed","template":"","meta":{"footnotes":""},"class_list":["post-13","page","type-page","status-publish","hentry"],"_links":{"self":[{"href":"https:\/\/darcikrve.cckpraha1.cz\/index.php\/wp-json\/wp\/v2\/pages\/13","targetHints":{"allow":["GET"]}}],"collection":[{"href":"https:\/\/darcikrve.cckpraha1.cz\/index.php\/wp-json\/wp\/v2\/pages"}],"about":[{"href":"https:\/\/darcikrve.cckpraha1.cz\/index.php\/wp-json\/wp\/v2\/types\/page"}],"author":[{"embeddable":true,"href":"https:\/\/darcikrve.cckpraha1.cz\/index.php\/wp-json\/wp\/v2\/users\/2"}],"replies":[{"embeddable":true,"href":"https:\/\/darcikrve.cckpraha1.cz\/index.php\/wp-json\/wp\/v2\/comments?post=13"}],"version-history":[{"count":14,"href":"https:\/\/darcikrve.cckpraha1.cz\/index.php\/wp-json\/wp\/v2\/pages\/13\/revisions"}],"predecessor-version":[{"id":46,"href":"https:\/\/darcikrve.cckpraha1.cz\/index.php\/wp-json\/wp\/v2\/pages\/13\/revisions\/46"}],"wp:attachment":[{"href":"https:\/\/darcikrve.cckpraha1.cz\/index.php\/wp-json\/wp\/v2\/media?parent=13"}],"curies":[{"name":"wp","href":"https:\/\/api.w.org\/{rel}","templated":true}]}}